{"id":4788,"date":"2024-05-01T15:11:37","date_gmt":"2024-05-01T15:11:37","guid":{"rendered":"https:\/\/autobaba.ma\/?post_type=product&#038;p=4788"},"modified":"2024-05-01T15:13:07","modified_gmt":"2024-05-01T15:13:07","slug":"bande-de-protection-5m-anti-choc-des-portes-voiture","status":"publish","type":"product","link":"https:\/\/piloteaccessoires.com\/index.php\/product\/bande-de-protection-5m-anti-choc-des-portes-voiture\/","title":{"rendered":"Bande de protection 5m anti choc des portes voiture"},"content":{"rendered":"<h2>Bande de protection 5m anti choc pour les portes de voiture<\/h2>\n<p>Prot\u00e9gez vos portes de voiture des chocs et des rayures avec notre bande de protection anti choc de 5m. Fabriqu\u00e9e avec des mat\u00e9riaux de haute qualit\u00e9, cette bande est con\u00e7ue pour r\u00e9sister aux impacts et aux dommages quotidiens.<\/p>\n<p>Avec une longueur de 5m, cette bande de protection est suffisamment longue pour couvrir les portes de la plupart des voitures. Elle est facile \u00e0 installer et ne n\u00e9cessite aucun outil sp\u00e9cial. Il vous suffit de la coller sur les bords des portes pour une protection maximale.<\/p>\n<p>La bande de protection anti choc est transparente, ce qui signifie qu&rsquo;elle ne d\u00e9nature pas l&rsquo;apparence de votre voiture. Elle est \u00e9galement r\u00e9sistante aux intemp\u00e9ries, ce qui signifie qu&rsquo;elle ne se d\u00e9colore pas ou ne se d\u00e9t\u00e9riore pas avec le temps.<\/p>\n<p>En plus de prot\u00e9ger vos portes de voiture, cette bande peut \u00e9galement \u00eatre utilis\u00e9e sur d&rsquo;autres parties de votre v\u00e9hicule, telles que les pare-chocs ou les r\u00e9troviseurs. Elle offre une protection suppl\u00e9mentaire contre les \u00e9raflures et les petits impacts.<\/p>\n<p>Ne laissez pas les chocs et les rayures g\u00e2cher l&rsquo;apparence de votre voiture. Prot\u00e9gez vos portes avec notre bande de protection anti choc de 5m et gardez votre v\u00e9hicule en parfait \u00e9tat.<\/p>\n","protected":false},"excerpt":{"rendered":"<p>Bande de protection 5m anti choc pour les portes de voiture Prot\u00e9gez vos portes de voiture des chocs et des rayures avec notre bande de protection anti choc de 5m. Fabriqu\u00e9e avec des mat\u00e9riaux de haute qualit\u00e9, cette bande est con\u00e7ue pour r\u00e9sister aux impacts et aux dommages quotidiens. Avec une longueur de 5m, cette [&hellip;]<\/p>\n","protected":false},"featured_media":4789,"comment_status":"open","ping_status":"closed","template":"","meta":{"inline_featured_image":false},"product_cat":[91],"product_tag":[],"class_list":{"0":"post-4788","1":"product","2":"type-product","3":"status-publish","4":"has-post-thumbnail","6":"product_cat-baguette","8":"first","9":"instock","10":"shipping-taxable","11":"purchasable","12":"product-type-simple"},"yoast_head":"<!-- This site is optimized with the Yoast SEO plugin v27.0 - https:\/\/yoast.com\/product\/yoast-seo-wordpress\/ -->\n<title>Bande de protection 5m anti choc des portes voiture - Piloteaccessoires - Accessoires de voiture au Maroc<\/title>\n<meta name=\"robots\" content=\"index, follow, max-snippet:-1, max-image-preview:large, max-video-preview:-1\" \/>\n<link rel=\"canonical\" href=\"https:\/\/piloteaccessoires.com\/index.php\/product\/bande-de-protection-5m-anti-choc-des-portes-voiture\/\" \/>\n<meta property=\"og:locale\" content=\"fr_FR\" \/>\n<meta property=\"og:type\" content=\"article\" \/>\n<meta property=\"og:title\" content=\"Bande de protection 5m anti choc des portes voiture - Piloteaccessoires - Accessoires de voiture au Maroc\" \/>\n<meta property=\"og:description\" content=\"Bande de protection 5m anti choc pour les portes de voiture Prot\u00e9gez vos portes de voiture des chocs et des rayures avec notre bande de protection anti choc de 5m. Fabriqu\u00e9e avec des mat\u00e9riaux de haute qualit\u00e9, cette bande est con\u00e7ue pour r\u00e9sister aux impacts et aux dommages quotidiens. Avec une longueur de 5m, cette [&hellip;]\" \/>\n<meta property=\"og:url\" content=\"https:\/\/piloteaccessoires.com\/index.php\/product\/bande-de-protection-5m-anti-choc-des-portes-voiture\/\" \/>\n<meta property=\"og:site_name\" content=\"Piloteaccessoires - Accessoires de voiture au Maroc\" \/>\n<meta property=\"article:modified_time\" content=\"2024-05-01T15:13:07+00:00\" \/>\n<meta property=\"og:image\" content=\"https:\/\/piloteaccessoires.com\/wp-content\/uploads\/2024\/05\/Untitled-1.png\" \/>\n\t<meta property=\"og:image:width\" content=\"521\" \/>\n\t<meta property=\"og:image:height\" content=\"517\" \/>\n\t<meta property=\"og:image:type\" content=\"image\/png\" \/>\n<meta name=\"twitter:card\" content=\"summary_large_image\" \/>\n<meta name=\"twitter:label1\" content=\"Dur\u00e9e de lecture estim\u00e9e\" \/>\n\t<meta name=\"twitter:data1\" content=\"2 minutes\" \/>\n<script type=\"application\/ld+json\" class=\"yoast-schema-graph\">{\"@context\":\"https:\/\/schema.org\",\"@graph\":[{\"@type\":\"WebPage\",\"@id\":\"https:\/\/piloteaccessoires.com\/index.php\/product\/bande-de-protection-5m-anti-choc-des-portes-voiture\/\",\"url\":\"https:\/\/piloteaccessoires.com\/index.php\/product\/bande-de-protection-5m-anti-choc-des-portes-voiture\/\",\"name\":\"Bande de protection 5m anti choc des portes voiture - Piloteaccessoires - Accessoires de voiture au Maroc\",\"isPartOf\":{\"@id\":\"https:\/\/piloteaccessoires.com\/#website\"},\"primaryImageOfPage\":{\"@id\":\"https:\/\/piloteaccessoires.com\/index.php\/product\/bande-de-protection-5m-anti-choc-des-portes-voiture\/#primaryimage\"},\"image\":{\"@id\":\"https:\/\/piloteaccessoires.com\/index.php\/product\/bande-de-protection-5m-anti-choc-des-portes-voiture\/#primaryimage\"},\"thumbnailUrl\":\"https:\/\/piloteaccessoires.com\/wp-content\/uploads\/2024\/05\/Untitled-1.png\",\"datePublished\":\"2024-05-01T15:11:37+00:00\",\"dateModified\":\"2024-05-01T15:13:07+00:00\",\"breadcrumb\":{\"@id\":\"https:\/\/piloteaccessoires.com\/index.php\/product\/bande-de-protection-5m-anti-choc-des-portes-voiture\/#breadcrumb\"},\"inLanguage\":\"fr-FR\",\"potentialAction\":[{\"@type\":\"ReadAction\",\"target\":[\"https:\/\/piloteaccessoires.com\/index.php\/product\/bande-de-protection-5m-anti-choc-des-portes-voiture\/\"]}]},{\"@type\":\"ImageObject\",\"inLanguage\":\"fr-FR\",\"@id\":\"https:\/\/piloteaccessoires.com\/index.php\/product\/bande-de-protection-5m-anti-choc-des-portes-voiture\/#primaryimage\",\"url\":\"https:\/\/piloteaccessoires.com\/wp-content\/uploads\/2024\/05\/Untitled-1.png\",\"contentUrl\":\"https:\/\/piloteaccessoires.com\/wp-content\/uploads\/2024\/05\/Untitled-1.png\",\"width\":521,\"height\":517},{\"@type\":\"BreadcrumbList\",\"@id\":\"https:\/\/piloteaccessoires.com\/index.php\/product\/bande-de-protection-5m-anti-choc-des-portes-voiture\/#breadcrumb\",\"itemListElement\":[{\"@type\":\"ListItem\",\"position\":1,\"name\":\"Home\",\"item\":\"https:\/\/piloteaccessoires.com\/\"},{\"@type\":\"ListItem\",\"position\":2,\"name\":\"Shop\",\"item\":\"https:\/\/piloteaccessoires.com\/index.php\/shop\/\"},{\"@type\":\"ListItem\",\"position\":3,\"name\":\"Bande de protection 5m anti choc des portes voiture\"}]},{\"@type\":\"WebSite\",\"@id\":\"https:\/\/piloteaccessoires.com\/#website\",\"url\":\"https:\/\/piloteaccessoires.com\/\",\"name\":\"Autobaba - Accessoires de voiture\",\"description\":\"Leader de vente en ligne d\u2019accessoires de voiture au Maroc\",\"publisher\":{\"@id\":\"https:\/\/piloteaccessoires.com\/#organization\"},\"potentialAction\":[{\"@type\":\"SearchAction\",\"target\":{\"@type\":\"EntryPoint\",\"urlTemplate\":\"https:\/\/piloteaccessoires.com\/?s={search_term_string}\"},\"query-input\":{\"@type\":\"PropertyValueSpecification\",\"valueRequired\":true,\"valueName\":\"search_term_string\"}}],\"inLanguage\":\"fr-FR\"},{\"@type\":\"Organization\",\"@id\":\"https:\/\/piloteaccessoires.com\/#organization\",\"name\":\"Autobaba - Accessoires de voiture\",\"url\":\"https:\/\/piloteaccessoires.com\/\",\"logo\":{\"@type\":\"ImageObject\",\"inLanguage\":\"fr-FR\",\"@id\":\"https:\/\/piloteaccessoires.com\/#\/schema\/logo\/image\/\",\"url\":\"https:\/\/autobaba.ma\/wp-content\/uploads\/2024\/04\/autobaba_logo.png\",\"contentUrl\":\"https:\/\/autobaba.ma\/wp-content\/uploads\/2024\/04\/autobaba_logo.png\",\"width\":482,\"height\":83,\"caption\":\"Autobaba - Accessoires de voiture\"},\"image\":{\"@id\":\"https:\/\/piloteaccessoires.com\/#\/schema\/logo\/image\/\"}}]}<\/script>\n<!-- \/ Yoast SEO plugin. -->","yoast_head_json":{"title":"Bande de protection 5m anti choc des portes voiture - Piloteaccessoires - Accessoires de voiture au Maroc","robots":{"index":"index","follow":"follow","max-snippet":"max-snippet:-1","max-image-preview":"max-image-preview:large","max-video-preview":"max-video-preview:-1"},"canonical":"https:\/\/piloteaccessoires.com\/index.php\/product\/bande-de-protection-5m-anti-choc-des-portes-voiture\/","og_locale":"fr_FR","og_type":"article","og_title":"Bande de protection 5m anti choc des portes voiture - Piloteaccessoires - Accessoires de voiture au Maroc","og_description":"Bande de protection 5m anti choc pour les portes de voiture Prot\u00e9gez vos portes de voiture des chocs et des rayures avec notre bande de protection anti choc de 5m. Fabriqu\u00e9e avec des mat\u00e9riaux de haute qualit\u00e9, cette bande est con\u00e7ue pour r\u00e9sister aux impacts et aux dommages quotidiens. Avec une longueur de 5m, cette [&hellip;]","og_url":"https:\/\/piloteaccessoires.com\/index.php\/product\/bande-de-protection-5m-anti-choc-des-portes-voiture\/","og_site_name":"Piloteaccessoires - Accessoires de voiture au Maroc","article_modified_time":"2024-05-01T15:13:07+00:00","og_image":[{"width":521,"height":517,"url":"https:\/\/piloteaccessoires.com\/wp-content\/uploads\/2024\/05\/Untitled-1.png","type":"image\/png"}],"twitter_card":"summary_large_image","twitter_misc":{"Dur\u00e9e de lecture estim\u00e9e":"2 minutes"},"schema":{"@context":"https:\/\/schema.org","@graph":[{"@type":"WebPage","@id":"https:\/\/piloteaccessoires.com\/index.php\/product\/bande-de-protection-5m-anti-choc-des-portes-voiture\/","url":"https:\/\/piloteaccessoires.com\/index.php\/product\/bande-de-protection-5m-anti-choc-des-portes-voiture\/","name":"Bande de protection 5m anti choc des portes voiture - Piloteaccessoires - Accessoires de voiture au Maroc","isPartOf":{"@id":"https:\/\/piloteaccessoires.com\/#website"},"primaryImageOfPage":{"@id":"https:\/\/piloteaccessoires.com\/index.php\/product\/bande-de-protection-5m-anti-choc-des-portes-voiture\/#primaryimage"},"image":{"@id":"https:\/\/piloteaccessoires.com\/index.php\/product\/bande-de-protection-5m-anti-choc-des-portes-voiture\/#primaryimage"},"thumbnailUrl":"https:\/\/piloteaccessoires.com\/wp-content\/uploads\/2024\/05\/Untitled-1.png","datePublished":"2024-05-01T15:11:37+00:00","dateModified":"2024-05-01T15:13:07+00:00","breadcrumb":{"@id":"https:\/\/piloteaccessoires.com\/index.php\/product\/bande-de-protection-5m-anti-choc-des-portes-voiture\/#breadcrumb"},"inLanguage":"fr-FR","potentialAction":[{"@type":"ReadAction","target":["https:\/\/piloteaccessoires.com\/index.php\/product\/bande-de-protection-5m-anti-choc-des-portes-voiture\/"]}]},{"@type":"ImageObject","inLanguage":"fr-FR","@id":"https:\/\/piloteaccessoires.com\/index.php\/product\/bande-de-protection-5m-anti-choc-des-portes-voiture\/#primaryimage","url":"https:\/\/piloteaccessoires.com\/wp-content\/uploads\/2024\/05\/Untitled-1.png","contentUrl":"https:\/\/piloteaccessoires.com\/wp-content\/uploads\/2024\/05\/Untitled-1.png","width":521,"height":517},{"@type":"BreadcrumbList","@id":"https:\/\/piloteaccessoires.com\/index.php\/product\/bande-de-protection-5m-anti-choc-des-portes-voiture\/#breadcrumb","itemListElement":[{"@type":"ListItem","position":1,"name":"Home","item":"https:\/\/piloteaccessoires.com\/"},{"@type":"ListItem","position":2,"name":"Shop","item":"https:\/\/piloteaccessoires.com\/index.php\/shop\/"},{"@type":"ListItem","position":3,"name":"Bande de protection 5m anti choc des portes voiture"}]},{"@type":"WebSite","@id":"https:\/\/piloteaccessoires.com\/#website","url":"https:\/\/piloteaccessoires.com\/","name":"Autobaba - Accessoires de voiture","description":"Leader de vente en ligne d\u2019accessoires de voiture au Maroc","publisher":{"@id":"https:\/\/piloteaccessoires.com\/#organization"},"potentialAction":[{"@type":"SearchAction","target":{"@type":"EntryPoint","urlTemplate":"https:\/\/piloteaccessoires.com\/?s={search_term_string}"},"query-input":{"@type":"PropertyValueSpecification","valueRequired":true,"valueName":"search_term_string"}}],"inLanguage":"fr-FR"},{"@type":"Organization","@id":"https:\/\/piloteaccessoires.com\/#organization","name":"Autobaba - Accessoires de voiture","url":"https:\/\/piloteaccessoires.com\/","logo":{"@type":"ImageObject","inLanguage":"fr-FR","@id":"https:\/\/piloteaccessoires.com\/#\/schema\/logo\/image\/","url":"https:\/\/autobaba.ma\/wp-content\/uploads\/2024\/04\/autobaba_logo.png","contentUrl":"https:\/\/autobaba.ma\/wp-content\/uploads\/2024\/04\/autobaba_logo.png","width":482,"height":83,"caption":"Autobaba - Accessoires de voiture"},"image":{"@id":"https:\/\/piloteaccessoires.com\/#\/schema\/logo\/image\/"}}]}},"jetpack_sharing_enabled":true,"_links":{"self":[{"href":"https:\/\/piloteaccessoires.com\/index.php\/wp-json\/wp\/v2\/product\/4788","targetHints":{"allow":["GET"]}}],"collection":[{"href":"https:\/\/piloteaccessoires.com\/index.php\/wp-json\/wp\/v2\/product"}],"about":[{"href":"https:\/\/piloteaccessoires.com\/index.php\/wp-json\/wp\/v2\/types\/product"}],"replies":[{"embeddable":true,"href":"https:\/\/piloteaccessoires.com\/index.php\/wp-json\/wp\/v2\/comments?post=4788"}],"wp:featuredmedia":[{"embeddable":true,"href":"https:\/\/piloteaccessoires.com\/index.php\/wp-json\/wp\/v2\/media\/4789"}],"wp:attachment":[{"href":"https:\/\/piloteaccessoires.com\/index.php\/wp-json\/wp\/v2\/media?parent=4788"}],"wp:term":[{"taxonomy":"product_cat","embeddable":true,"href":"https:\/\/piloteaccessoires.com\/index.php\/wp-json\/wp\/v2\/product_cat?post=4788"},{"taxonomy":"product_tag","embeddable":true,"href":"https:\/\/piloteaccessoires.com\/index.php\/wp-json\/wp\/v2\/product_tag?post=4788"}],"curies":[{"name":"wp","href":"https:\/\/api.w.org\/{rel}","templated":true}]}}